{"id":483,"date":"2021-07-25T13:37:36","date_gmt":"2021-07-25T13:37:36","guid":{"rendered":"https:\/\/www.eyekit.com.tr\/?page_id=483"},"modified":"2024-06-11T05:17:17","modified_gmt":"2024-06-11T05:17:17","slug":"iletisim","status":"publish","type":"page","link":"https:\/\/eyekit.com.tr\/index.php\/iletisim\/","title":{"rendered":"\u0130leti\u015fim"},"content":{"rendered":"<p><strong>Adres:<\/strong> Kozyata\u011f\u0131 Mahallesi Sar\u0131kaya Sokak G\u00fcmr\u00fck\u00e7\u00fcler Sitesi No: 2A<br \/>\n34742 <strong>Kozyata\u011f\u0131-Kad\u0131k\u00f6y-\u0130stanbul<\/strong><\/p>\n<p><strong><span style=\"color: #ff0000;\"><em>Adresimizden set sat\u0131\u015f\u0131m\u0131z yoktur.\u00a0<\/em><\/span><\/strong><\/p>\n<p>Bize ula\u015fmak ve do\u011frudan soru sormak isterseniz:<\/p>\n<p><strong>Telefon:<\/strong>\u00a0 +90 533 513 15 88<img loading=\"lazy\" decoding=\"async\" class=\"wp-image-641 alignleft\" src=\"https:\/\/eyekit.com.tr\/wp-content\/uploads\/2023\/09\/whatsapp.jpeg\" alt=\"\" width=\"67\" height=\"67\" srcset=\"https:\/\/eyekit.com.tr\/wp-content\/uploads\/2023\/09\/whatsapp.jpeg 224w, https:\/\/eyekit.com.tr\/wp-content\/uploads\/2023\/09\/whatsapp-150x150.jpeg 150w, https:\/\/eyekit.com.tr\/wp-content\/uploads\/2023\/09\/whatsapp-75x75.jpeg 75w\" sizes=\"auto, (max-width: 67px) 100vw, 67px\" \/><\/p>\n<p><a href=\"mailto:info@eyekit.com.tr\">info@eyekit.com.tr\u00a0<\/a><\/p>\n<p>&nbsp;<\/p>\n<p>&nbsp;<\/p>\n","protected":false},"excerpt":{"rendered":"<p>Adres: Kozyata\u011f\u0131 Mahallesi Sar\u0131kaya Sokak G\u00fcmr\u00fck\u00e7\u00fcler Sitesi No: 2A 34742 Kozyata\u011f\u0131-Kad\u0131k\u00f6y-\u0130stanbul Adresimizden set sat\u0131\u015f\u0131m\u0131z yoktur.\u00a0 Bize ula\u015fmak ve do\u011frudan soru sormak isterseniz: Telefon:\u00a0 +90 533 513 15 88 info@eyekit.com.tr\u00a0 &nbsp; &nbsp;<\/p>\n","protected":false},"author":1,"featured_media":399,"parent":0,"menu_order":0,"comment_status":"closed","ping_status":"closed","template":"","meta":{"footnotes":""},"class_list":["post-483","page","type-page","status-publish","has-post-thumbnail","hentry"],"yoast_head":"<!-- This site is optimized with the Yoast SEO plugin v27.4 - https:\/\/yoast.com\/product\/yoast-seo-wordpress\/ -->\n<title>\u0130leti\u015fim - Eyekit G\u00f6z Egzersizleri<\/title>\n<meta name=\"robots\" content=\"index, follow, max-snippet:-1, max-image-preview:large, max-video-preview:-1\" \/>\n<link rel=\"canonical\" href=\"https:\/\/eyekit.com.tr\/index.php\/iletisim\/\" \/>\n<meta property=\"og:locale\" content=\"tr_TR\" \/>\n<meta property=\"og:type\" content=\"article\" \/>\n<meta property=\"og:title\" content=\"\u0130leti\u015fim - Eyekit G\u00f6z Egzersizleri\" \/>\n<meta property=\"og:description\" content=\"Adres: Kozyata\u011f\u0131 Mahallesi Sar\u0131kaya Sokak G\u00fcmr\u00fck\u00e7\u00fcler Sitesi No: 2A 34742 Kozyata\u011f\u0131-Kad\u0131k\u00f6y-\u0130stanbul Adresimizden set sat\u0131\u015f\u0131m\u0131z yoktur.\u00a0 Bize ula\u015fmak ve do\u011frudan soru sormak isterseniz: Telefon:\u00a0 +90 533 513 15 88 info@eyekit.com.tr\u00a0 &nbsp; &nbsp;\" \/>\n<meta property=\"og:url\" content=\"https:\/\/eyekit.com.tr\/index.php\/iletisim\/\" \/>\n<meta property=\"og:site_name\" content=\"Eyekit G\u00f6z Egzersizleri\" \/>\n<meta property=\"article:publisher\" content=\"https:\/\/www.facebook.com\/eyefitturkey\" \/>\n<meta property=\"article:modified_time\" content=\"2024-06-11T05:17:17+00:00\" \/>\n<meta property=\"og:image\" content=\"https:\/\/eyekit.com.tr\/wp-content\/uploads\/2021\/07\/hemianopia-thinstock-2.jpg\" \/>\n\t<meta property=\"og:image:width\" content=\"759\" \/>\n\t<meta property=\"og:image:height\" content=\"422\" \/>\n\t<meta property=\"og:image:type\" content=\"image\/jpeg\" \/>\n<meta name=\"twitter:card\" content=\"summary_large_image\" \/>\n<meta name=\"twitter:label1\" content=\"Tahmini okuma s\u00fcresi\" \/>\n\t<meta name=\"twitter:data1\" content=\"1 dakika\" \/>\n<script type=\"application\/ld+json\" class=\"yoast-schema-graph\">{\"@context\":\"https:\\\/\\\/schema.org\",\"@graph\":[{\"@type\":\"WebPage\",\"@id\":\"https:\\\/\\\/eyekit.com.tr\\\/index.php\\\/iletisim\\\/\",\"url\":\"https:\\\/\\\/eyekit.com.tr\\\/index.php\\\/iletisim\\\/\",\"name\":\"\u0130leti\u015fim - Eyekit G\u00f6z Egzersizleri\",\"isPartOf\":{\"@id\":\"https:\\\/\\\/eyekit.com.tr\\\/#website\"},\"primaryImageOfPage\":{\"@id\":\"https:\\\/\\\/eyekit.com.tr\\\/index.php\\\/iletisim\\\/#primaryimage\"},\"image\":{\"@id\":\"https:\\\/\\\/eyekit.com.tr\\\/index.php\\\/iletisim\\\/#primaryimage\"},\"thumbnailUrl\":\"https:\\\/\\\/eyekit.com.tr\\\/wp-content\\\/uploads\\\/2021\\\/07\\\/hemianopia-thinstock-2.jpg\",\"datePublished\":\"2021-07-25T13:37:36+00:00\",\"dateModified\":\"2024-06-11T05:17:17+00:00\",\"breadcrumb\":{\"@id\":\"https:\\\/\\\/eyekit.com.tr\\\/index.php\\\/iletisim\\\/#breadcrumb\"},\"inLanguage\":\"tr\",\"potentialAction\":[{\"@type\":\"ReadAction\",\"target\":[\"https:\\\/\\\/eyekit.com.tr\\\/index.php\\\/iletisim\\\/\"]}]},{\"@type\":\"ImageObject\",\"inLanguage\":\"tr\",\"@id\":\"https:\\\/\\\/eyekit.com.tr\\\/index.php\\\/iletisim\\\/#primaryimage\",\"url\":\"https:\\\/\\\/eyekit.com.tr\\\/wp-content\\\/uploads\\\/2021\\\/07\\\/hemianopia-thinstock-2.jpg\",\"contentUrl\":\"https:\\\/\\\/eyekit.com.tr\\\/wp-content\\\/uploads\\\/2021\\\/07\\\/hemianopia-thinstock-2.jpg\",\"width\":759,\"height\":422},{\"@type\":\"BreadcrumbList\",\"@id\":\"https:\\\/\\\/eyekit.com.tr\\\/index.php\\\/iletisim\\\/#breadcrumb\",\"itemListElement\":[{\"@type\":\"ListItem\",\"position\":1,\"name\":\"Anasayfa\",\"item\":\"https:\\\/\\\/eyekit.com.tr\\\/\"},{\"@type\":\"ListItem\",\"position\":2,\"name\":\"\u0130leti\u015fim\"}]},{\"@type\":\"WebSite\",\"@id\":\"https:\\\/\\\/eyekit.com.tr\\\/#website\",\"url\":\"https:\\\/\\\/eyekit.com.tr\\\/\",\"name\":\"Eyekit G\u00f6z Egzersizleri\",\"description\":\"G\u00f6z egzersizleri ile g\u00f6zl\u00fcklerden kurtulun\",\"publisher\":{\"@id\":\"https:\\\/\\\/eyekit.com.tr\\\/#organization\"},\"potentialAction\":[{\"@type\":\"SearchAction\",\"target\":{\"@type\":\"EntryPoint\",\"urlTemplate\":\"https:\\\/\\\/eyekit.com.tr\\\/?s={search_term_string}\"},\"query-input\":{\"@type\":\"PropertyValueSpecification\",\"valueRequired\":true,\"valueName\":\"search_term_string\"}}],\"inLanguage\":\"tr\"},{\"@type\":\"Organization\",\"@id\":\"https:\\\/\\\/eyekit.com.tr\\\/#organization\",\"name\":\"Eyekit\",\"url\":\"https:\\\/\\\/eyekit.com.tr\\\/\",\"logo\":{\"@type\":\"ImageObject\",\"inLanguage\":\"tr\",\"@id\":\"https:\\\/\\\/eyekit.com.tr\\\/#\\\/schema\\\/logo\\\/image\\\/\",\"url\":\"https:\\\/\\\/eyekit.com.tr\\\/wp-content\\\/uploads\\\/2021\\\/07\\\/cropped-cropped-Slayt6.png\",\"contentUrl\":\"https:\\\/\\\/eyekit.com.tr\\\/wp-content\\\/uploads\\\/2021\\\/07\\\/cropped-cropped-Slayt6.png\",\"width\":250,\"height\":250,\"caption\":\"Eyekit\"},\"image\":{\"@id\":\"https:\\\/\\\/eyekit.com.tr\\\/#\\\/schema\\\/logo\\\/image\\\/\"},\"sameAs\":[\"https:\\\/\\\/www.facebook.com\\\/eyefitturkey\",\"https:\\\/\\\/www.instagram.com\\\/eyefitturkey\\\/\",\"https:\\\/\\\/www.youtube.com\\\/user\\\/ukox\"]}]}<\/script>\n<!-- \/ Yoast SEO plugin. -->","yoast_head_json":{"title":"\u0130leti\u015fim - Eyekit G\u00f6z Egzersizleri","robots":{"index":"index","follow":"follow","max-snippet":"max-snippet:-1","max-image-preview":"max-image-preview:large","max-video-preview":"max-video-preview:-1"},"canonical":"https:\/\/eyekit.com.tr\/index.php\/iletisim\/","og_locale":"tr_TR","og_type":"article","og_title":"\u0130leti\u015fim - Eyekit G\u00f6z Egzersizleri","og_description":"Adres: Kozyata\u011f\u0131 Mahallesi Sar\u0131kaya Sokak G\u00fcmr\u00fck\u00e7\u00fcler Sitesi No: 2A 34742 Kozyata\u011f\u0131-Kad\u0131k\u00f6y-\u0130stanbul Adresimizden set sat\u0131\u015f\u0131m\u0131z yoktur.\u00a0 Bize ula\u015fmak ve do\u011frudan soru sormak isterseniz: Telefon:\u00a0 +90 533 513 15 88 info@eyekit.com.tr\u00a0 &nbsp; &nbsp;","og_url":"https:\/\/eyekit.com.tr\/index.php\/iletisim\/","og_site_name":"Eyekit G\u00f6z Egzersizleri","article_publisher":"https:\/\/www.facebook.com\/eyefitturkey","article_modified_time":"2024-06-11T05:17:17+00:00","og_image":[{"width":759,"height":422,"url":"https:\/\/eyekit.com.tr\/wp-content\/uploads\/2021\/07\/hemianopia-thinstock-2.jpg","type":"image\/jpeg"}],"twitter_card":"summary_large_image","twitter_misc":{"Tahmini okuma s\u00fcresi":"1 dakika"},"schema":{"@context":"https:\/\/schema.org","@graph":[{"@type":"WebPage","@id":"https:\/\/eyekit.com.tr\/index.php\/iletisim\/","url":"https:\/\/eyekit.com.tr\/index.php\/iletisim\/","name":"\u0130leti\u015fim - Eyekit G\u00f6z Egzersizleri","isPartOf":{"@id":"https:\/\/eyekit.com.tr\/#website"},"primaryImageOfPage":{"@id":"https:\/\/eyekit.com.tr\/index.php\/iletisim\/#primaryimage"},"image":{"@id":"https:\/\/eyekit.com.tr\/index.php\/iletisim\/#primaryimage"},"thumbnailUrl":"https:\/\/eyekit.com.tr\/wp-content\/uploads\/2021\/07\/hemianopia-thinstock-2.jpg","datePublished":"2021-07-25T13:37:36+00:00","dateModified":"2024-06-11T05:17:17+00:00","breadcrumb":{"@id":"https:\/\/eyekit.com.tr\/index.php\/iletisim\/#breadcrumb"},"inLanguage":"tr","potentialAction":[{"@type":"ReadAction","target":["https:\/\/eyekit.com.tr\/index.php\/iletisim\/"]}]},{"@type":"ImageObject","inLanguage":"tr","@id":"https:\/\/eyekit.com.tr\/index.php\/iletisim\/#primaryimage","url":"https:\/\/eyekit.com.tr\/wp-content\/uploads\/2021\/07\/hemianopia-thinstock-2.jpg","contentUrl":"https:\/\/eyekit.com.tr\/wp-content\/uploads\/2021\/07\/hemianopia-thinstock-2.jpg","width":759,"height":422},{"@type":"BreadcrumbList","@id":"https:\/\/eyekit.com.tr\/index.php\/iletisim\/#breadcrumb","itemListElement":[{"@type":"ListItem","position":1,"name":"Anasayfa","item":"https:\/\/eyekit.com.tr\/"},{"@type":"ListItem","position":2,"name":"\u0130leti\u015fim"}]},{"@type":"WebSite","@id":"https:\/\/eyekit.com.tr\/#website","url":"https:\/\/eyekit.com.tr\/","name":"Eyekit G\u00f6z Egzersizleri","description":"G\u00f6z egzersizleri ile g\u00f6zl\u00fcklerden kurtulun","publisher":{"@id":"https:\/\/eyekit.com.tr\/#organization"},"potentialAction":[{"@type":"SearchAction","target":{"@type":"EntryPoint","urlTemplate":"https:\/\/eyekit.com.tr\/?s={search_term_string}"},"query-input":{"@type":"PropertyValueSpecification","valueRequired":true,"valueName":"search_term_string"}}],"inLanguage":"tr"},{"@type":"Organization","@id":"https:\/\/eyekit.com.tr\/#organization","name":"Eyekit","url":"https:\/\/eyekit.com.tr\/","logo":{"@type":"ImageObject","inLanguage":"tr","@id":"https:\/\/eyekit.com.tr\/#\/schema\/logo\/image\/","url":"https:\/\/eyekit.com.tr\/wp-content\/uploads\/2021\/07\/cropped-cropped-Slayt6.png","contentUrl":"https:\/\/eyekit.com.tr\/wp-content\/uploads\/2021\/07\/cropped-cropped-Slayt6.png","width":250,"height":250,"caption":"Eyekit"},"image":{"@id":"https:\/\/eyekit.com.tr\/#\/schema\/logo\/image\/"},"sameAs":["https:\/\/www.facebook.com\/eyefitturkey","https:\/\/www.instagram.com\/eyefitturkey\/","https:\/\/www.youtube.com\/user\/ukox"]}]}},"_links":{"self":[{"href":"https:\/\/eyekit.com.tr\/index.php\/wp-json\/wp\/v2\/pages\/483","targetHints":{"allow":["GET"]}}],"collection":[{"href":"https:\/\/eyekit.com.tr\/index.php\/wp-json\/wp\/v2\/pages"}],"about":[{"href":"https:\/\/eyekit.com.tr\/index.php\/wp-json\/wp\/v2\/types\/page"}],"author":[{"embeddable":true,"href":"https:\/\/eyekit.com.tr\/index.php\/wp-json\/wp\/v2\/users\/1"}],"replies":[{"embeddable":true,"href":"https:\/\/eyekit.com.tr\/index.php\/wp-json\/wp\/v2\/comments?post=483"}],"version-history":[{"count":6,"href":"https:\/\/eyekit.com.tr\/index.php\/wp-json\/wp\/v2\/pages\/483\/revisions"}],"predecessor-version":[{"id":645,"href":"https:\/\/eyekit.com.tr\/index.php\/wp-json\/wp\/v2\/pages\/483\/revisions\/645"}],"wp:featuredmedia":[{"embeddable":true,"href":"https:\/\/eyekit.com.tr\/index.php\/wp-json\/wp\/v2\/media\/399"}],"wp:attachment":[{"href":"https:\/\/eyekit.com.tr\/index.php\/wp-json\/wp\/v2\/media?parent=483"}],"curies":[{"name":"wp","href":"https:\/\/api.w.org\/{rel}","templated":true}]}}