{"id":568,"date":"2022-08-20T16:00:07","date_gmt":"2022-08-20T16:00:07","guid":{"rendered":"https:\/\/eyekit.com.tr\/?page_id=568"},"modified":"2022-08-20T16:00:07","modified_gmt":"2022-08-20T16:00:07","slug":"hakkimizda","status":"publish","type":"page","link":"https:\/\/eyekit.com.tr\/index.php\/hakkimizda\/","title":{"rendered":"HAKKIMIZDA"},"content":{"rendered":"<p>EYEK\u0130T,<\/p>\n<p>M. Ufuk Ko\u00e7 taraf\u0131ndan \u00fcretilmi\u015f bir patentli g\u00f6z egzersizleri setidir. 100.Fakt\u00f6r y\u00f6netim dan\u0131\u015fmanl\u0131\u011f\u0131 kurumsal \u015firketlere e\u011fitim, dan\u0131\u015fmanl\u0131k, ko\u00e7luk ve motivasyon projeleri yapan bir \u015firketi olarak 2015-2020 y\u0131llar\u0131 aras\u0131nda g\u00f6z egzersizleri e\u011fitimleri vermi\u015ftir. Pandeminin \u00f6ncesinde 2017 y\u0131l\u0131ndan itibaren patentli \u00fcr\u00fcn\u00fcm\u00fcz olan EYEK\u0130T g\u00f6z egzersizleri seti internet \u00fczerinden\u00a0 sat\u0131lmaya ba\u015flanm\u0131\u015ft\u0131r.<\/p>\n<p>Kullan\u0131c\u0131lar iki farkl\u0131 \u00fcr\u00fcn sat\u0131n alabilirler: EYEK\u0130T ve \u00e7ocuklar i\u00e7in EYEKID<\/p>\n<p>&nbsp;<\/p>\n<p><img loading=\"lazy\" decoding=\"async\" class=\"size-medium wp-image-569 alignleft\" src=\"https:\/\/eyekit.com.tr\/wp-content\/uploads\/2022\/08\/PATENT-292x300.png\" alt=\"\" width=\"292\" height=\"300\" srcset=\"https:\/\/eyekit.com.tr\/wp-content\/uploads\/2022\/08\/PATENT-292x300.png 292w, https:\/\/eyekit.com.tr\/wp-content\/uploads\/2022\/08\/PATENT-768x789.png 768w, https:\/\/eyekit.com.tr\/wp-content\/uploads\/2022\/08\/PATENT.png 771w\" sizes=\"auto, (max-width: 292px) 100vw, 292px\" \/><\/p>\n<p><strong>UFUK KO\u00c7\u00a0<\/strong><\/p>\n<p class=\"\">Lisans ve y\u00fcksek lisans e\u011fitimini turizm ve ileti\u015fim alanlar\u0131nda tamamlayan Ufuk Ko\u00e7, on y\u0131l boyunca bu sekt\u00f6r\u00fcn farkl\u0131 kulvarlar\u0131nda hizmet verdi. 1996 y\u0131l\u0131nda turizm alan\u0131nda hem yat\u0131r\u0131m, hem de y\u00f6netim dan\u0131\u015fmanl\u0131\u011f\u0131 hizmetlerine y\u00f6neldi. Be\u015f y\u0131l\u00a0<strong>\u0130stanbul \u00dcniversitesi<\/strong>nde s\u00fcren \u00f6\u011fretim g\u00f6revlili\u011fi d\u00f6neminin paralelinde ilk kurumsal e\u011fitimlerini vermeye ba\u015flad\u0131. Ayn\u0131 y\u0131llarda\u00a0<strong>Akademi \u0130stanbul \u0130leti\u015fim ve Sanat Okullar\u0131\u2019<\/strong>nda \u0130leti\u015fim Okulu Ba\u015fkanl\u0131\u011f\u0131 ve Sat\u0131\u015f Direkt\u00f6rl\u00fc\u011f\u00fc g\u00f6revini \u00fcstlendi.<\/p>\n<p class=\"\">2009 y\u0131l\u0131nda\u00a0<strong>100.Fakt\u00f6r<\/strong>\u00a0Y\u00f6netim Dan\u0131\u015fmanl\u0131\u011f\u0131n\u0131 kuran ufuk Ko\u00e7, 1996 y\u0131l\u0131nda ba\u015flad\u0131\u011f\u0131 kurumsal e\u011fitimcili\u011fe ek olarak 2002 y\u0131l\u0131ndan itibaren y\u00f6netim dan\u0131\u015fmanl\u0131\u011f\u0131 \u015femsiyesi alt\u0131nda; y\u00f6netici ve kariyer ko\u00e7lu\u011fu, performans y\u00f6netimi sistemleri kurulmas\u0131, de\u011fi\u015fim y\u00f6netimi, s\u00fcre\u00e7 iyile\u015ftirme gibi hizmetleri vermekte. Ko\u00e7, ayr\u0131ca T\u00fcrkiye\u2019deki yabanc\u0131 \u00e7al\u0131\u015fanlara \u0130ngilizce y\u00f6netim, ileti\u015fim, problem \u00e7\u00f6zme, m\u00fczakere ve motivasyon e\u011fitimleri veriyor.<\/p>\n<p class=\"\">2001\u2019den bu yana NLP pratisyeni olan, NLP tekniklerini t\u00fcm e\u011fitim ve dan\u0131\u015fmanl\u0131k tasar\u0131mlar\u0131na uygulayan Ufuk Ko\u00e7, sat\u0131\u015f profesyonellerinin ya\u015fam ve i\u015f kaliteleriyle sa\u011fl\u0131klar\u0131n\u0131 ele alan, halen \u00fc\u00e7 bask\u0131 yapan\u00a0<strong>Kur\u015fun \u0130\u015flemez Sat\u0131\u015f\u00e7\u0131<\/strong>\u00a0kitab\u0131n\u0131 2010 y\u0131l\u0131nda yay\u0131nlad\u0131. Zaman zaman makale, blog yaz\u0131lar\u0131 yan\u0131nda video r\u00f6portajlar\u0131 yay\u0131nlanan Ko\u00e7, karma bir dan\u0131\u015fman toplulu\u011funun kaleme ald\u0131\u011f\u0131\u00a0<strong>\u0130tiraz\u0131m Var<\/strong>\u00a0kitab\u0131n\u0131n da ortak yazarlar\u0131ndan biri.<\/p>\n<p class=\"\">Ko\u00e7, 1967 \u0130stanbul do\u011fumlu. Evli ve bir \u00e7ocuk babas\u0131. Toprakla, su alt\u0131yla, g\u00fczel yemeklerle, gezip tozmakla, de\u011fi\u015fik disiplinlerdeki ara\u015ft\u0131rmalar\u0131 didiklemekle zaman ge\u00e7irmeyi seviyor.<\/p>\n","protected":false},"excerpt":{"rendered":"<p>EYEK\u0130T, M. Ufuk Ko\u00e7 taraf\u0131ndan \u00fcretilmi\u015f bir patentli g\u00f6z egzersizleri setidir. 100.Fakt\u00f6r y\u00f6netim dan\u0131\u015fmanl\u0131\u011f\u0131 kurumsal \u015firketlere e\u011fitim, dan\u0131\u015fmanl\u0131k, ko\u00e7luk ve motivasyon projeleri yapan bir \u015firketi olarak 2015-2020 y\u0131llar\u0131 aras\u0131nda g\u00f6z egzersizleri e\u011fitimleri vermi\u015ftir. Pandeminin \u00f6ncesinde 2017 y\u0131l\u0131ndan itibaren patentli \u00fcr\u00fcn\u00fcm\u00fcz olan EYEK\u0130T g\u00f6z egzersizleri seti internet \u00fczerinden\u00a0 sat\u0131lmaya ba\u015flanm\u0131\u015ft\u0131r. Kullan\u0131c\u0131lar iki farkl\u0131 \u00fcr\u00fcn sat\u0131n alabilirler: EYEK\u0130T ve \u00e7ocuklar i\u00e7in EYEKID &nbsp; UFUK KO\u00c7\u00a0 Lisans ve y\u00fcksek lisans e\u011fitimini turizm ve ileti\u015fim alanlar\u0131nda tamamlayan Ufuk Ko\u00e7, on y\u0131l boyunca bu sekt\u00f6r\u00fcn farkl\u0131 kulvarlar\u0131nda hizmet verdi. 1996 y\u0131l\u0131nda turizm alan\u0131nda hem yat\u0131r\u0131m, hem de y\u00f6netim dan\u0131\u015fmanl\u0131\u011f\u0131 hizmetlerine y\u00f6neldi. Be\u015f y\u0131l\u00a0\u0130stanbul \u00dcniversitesinde s\u00fcren \u00f6\u011fretim g\u00f6revlili\u011fi d\u00f6neminin paralelinde ilk kurumsal e\u011fitimlerini vermeye ba\u015flad\u0131. Ayn\u0131 y\u0131llarda\u00a0Akademi \u0130stanbul \u0130leti\u015fim ve Sanat Okullar\u0131\u2019nda \u0130leti\u015fim Okulu Ba\u015fkanl\u0131\u011f\u0131 ve Sat\u0131\u015f Direkt\u00f6rl\u00fc\u011f\u00fc g\u00f6revini \u00fcstlendi. 2009 y\u0131l\u0131nda\u00a0100.Fakt\u00f6r\u00a0Y\u00f6netim Dan\u0131\u015fmanl\u0131\u011f\u0131n\u0131 kuran ufuk Ko\u00e7, 1996 y\u0131l\u0131nda ba\u015flad\u0131\u011f\u0131 kurumsal e\u011fitimcili\u011fe ek olarak 2002 y\u0131l\u0131ndan itibaren y\u00f6netim dan\u0131\u015fmanl\u0131\u011f\u0131 \u015femsiyesi alt\u0131nda; y\u00f6netici ve kariyer ko\u00e7lu\u011fu, performans y\u00f6netimi sistemleri kurulmas\u0131, de\u011fi\u015fim y\u00f6netimi, s\u00fcre\u00e7 iyile\u015ftirme gibi hizmetleri vermekte. Ko\u00e7, ayr\u0131ca T\u00fcrkiye\u2019deki yabanc\u0131 \u00e7al\u0131\u015fanlara \u0130ngilizce y\u00f6netim, ileti\u015fim, problem \u00e7\u00f6zme, m\u00fczakere ve motivasyon e\u011fitimleri veriyor. 2001\u2019den bu yana NLP pratisyeni olan, NLP tekniklerini t\u00fcm e\u011fitim ve dan\u0131\u015fmanl\u0131k tasar\u0131mlar\u0131na uygulayan Ufuk Ko\u00e7, sat\u0131\u015f profesyonellerinin ya\u015fam ve i\u015f kaliteleriyle sa\u011fl\u0131klar\u0131n\u0131 ele alan, halen \u00fc\u00e7 bask\u0131 yapan\u00a0Kur\u015fun \u0130\u015flemez Sat\u0131\u015f\u00e7\u0131\u00a0kitab\u0131n\u0131 2010 y\u0131l\u0131nda yay\u0131nlad\u0131. Zaman zaman makale, blog yaz\u0131lar\u0131 yan\u0131nda video r\u00f6portajlar\u0131 yay\u0131nlanan Ko\u00e7, karma bir dan\u0131\u015fman toplulu\u011funun kaleme ald\u0131\u011f\u0131\u00a0\u0130tiraz\u0131m Var\u00a0kitab\u0131n\u0131n da ortak yazarlar\u0131ndan biri. Ko\u00e7, 1967 \u0130stanbul do\u011fumlu. Evli ve bir \u00e7ocuk babas\u0131. Toprakla, su alt\u0131yla, g\u00fczel yemeklerle, gezip tozmakla, de\u011fi\u015fik disiplinlerdeki ara\u015ft\u0131rmalar\u0131 didiklemekle zaman ge\u00e7irmeyi seviyor.<\/p>\n","protected":false},"author":2,"featured_media":0,"parent":0,"menu_order":0,"comment_status":"closed","ping_status":"closed","template":"","meta":{"footnotes":""},"class_list":["post-568","page","type-page","status-publish","hentry"],"yoast_head":"<!-- This site is optimized with the Yoast SEO plugin v27.4 - https:\/\/yoast.com\/product\/yoast-seo-wordpress\/ -->\n<title>HAKKIMIZDA - Eyekit G\u00f6z Egzersizleri<\/title>\n<meta name=\"robots\" content=\"index, follow, max-snippet:-1, max-image-preview:large, max-video-preview:-1\" \/>\n<link rel=\"canonical\" href=\"https:\/\/eyekit.com.tr\/index.php\/hakkimizda\/\" \/>\n<meta property=\"og:locale\" content=\"tr_TR\" \/>\n<meta property=\"og:type\" content=\"article\" \/>\n<meta property=\"og:title\" content=\"HAKKIMIZDA - Eyekit G\u00f6z Egzersizleri\" \/>\n<meta property=\"og:description\" content=\"EYEK\u0130T, M. Ufuk Ko\u00e7 taraf\u0131ndan \u00fcretilmi\u015f bir patentli g\u00f6z egzersizleri setidir. 100.Fakt\u00f6r y\u00f6netim dan\u0131\u015fmanl\u0131\u011f\u0131 kurumsal \u015firketlere e\u011fitim, dan\u0131\u015fmanl\u0131k, ko\u00e7luk ve motivasyon projeleri yapan bir \u015firketi olarak 2015-2020 y\u0131llar\u0131 aras\u0131nda g\u00f6z egzersizleri e\u011fitimleri vermi\u015ftir. Pandeminin \u00f6ncesinde 2017 y\u0131l\u0131ndan itibaren patentli \u00fcr\u00fcn\u00fcm\u00fcz olan EYEK\u0130T g\u00f6z egzersizleri seti internet \u00fczerinden\u00a0 sat\u0131lmaya ba\u015flanm\u0131\u015ft\u0131r. Kullan\u0131c\u0131lar iki farkl\u0131 \u00fcr\u00fcn sat\u0131n alabilirler: EYEK\u0130T ve \u00e7ocuklar i\u00e7in EYEKID &nbsp; UFUK KO\u00c7\u00a0 Lisans ve y\u00fcksek lisans e\u011fitimini turizm ve ileti\u015fim alanlar\u0131nda tamamlayan Ufuk Ko\u00e7, on y\u0131l boyunca bu sekt\u00f6r\u00fcn farkl\u0131 kulvarlar\u0131nda hizmet verdi. 1996 y\u0131l\u0131nda turizm alan\u0131nda hem yat\u0131r\u0131m, hem de y\u00f6netim dan\u0131\u015fmanl\u0131\u011f\u0131 hizmetlerine y\u00f6neldi. Be\u015f y\u0131l\u00a0\u0130stanbul \u00dcniversitesinde s\u00fcren \u00f6\u011fretim g\u00f6revlili\u011fi d\u00f6neminin paralelinde ilk kurumsal e\u011fitimlerini vermeye ba\u015flad\u0131. Ayn\u0131 y\u0131llarda\u00a0Akademi \u0130stanbul \u0130leti\u015fim ve Sanat Okullar\u0131\u2019nda \u0130leti\u015fim Okulu Ba\u015fkanl\u0131\u011f\u0131 ve Sat\u0131\u015f Direkt\u00f6rl\u00fc\u011f\u00fc g\u00f6revini \u00fcstlendi. 2009 y\u0131l\u0131nda\u00a0100.Fakt\u00f6r\u00a0Y\u00f6netim Dan\u0131\u015fmanl\u0131\u011f\u0131n\u0131 kuran ufuk Ko\u00e7, 1996 y\u0131l\u0131nda ba\u015flad\u0131\u011f\u0131 kurumsal e\u011fitimcili\u011fe ek olarak 2002 y\u0131l\u0131ndan itibaren y\u00f6netim dan\u0131\u015fmanl\u0131\u011f\u0131 \u015femsiyesi alt\u0131nda; y\u00f6netici ve kariyer ko\u00e7lu\u011fu, performans y\u00f6netimi sistemleri kurulmas\u0131, de\u011fi\u015fim y\u00f6netimi, s\u00fcre\u00e7 iyile\u015ftirme gibi hizmetleri vermekte. Ko\u00e7, ayr\u0131ca T\u00fcrkiye\u2019deki yabanc\u0131 \u00e7al\u0131\u015fanlara \u0130ngilizce y\u00f6netim, ileti\u015fim, problem \u00e7\u00f6zme, m\u00fczakere ve motivasyon e\u011fitimleri veriyor. 2001\u2019den bu yana NLP pratisyeni olan, NLP tekniklerini t\u00fcm e\u011fitim ve dan\u0131\u015fmanl\u0131k tasar\u0131mlar\u0131na uygulayan Ufuk Ko\u00e7, sat\u0131\u015f profesyonellerinin ya\u015fam ve i\u015f kaliteleriyle sa\u011fl\u0131klar\u0131n\u0131 ele alan, halen \u00fc\u00e7 bask\u0131 yapan\u00a0Kur\u015fun \u0130\u015flemez Sat\u0131\u015f\u00e7\u0131\u00a0kitab\u0131n\u0131 2010 y\u0131l\u0131nda yay\u0131nlad\u0131. Zaman zaman makale, blog yaz\u0131lar\u0131 yan\u0131nda video r\u00f6portajlar\u0131 yay\u0131nlanan Ko\u00e7, karma bir dan\u0131\u015fman toplulu\u011funun kaleme ald\u0131\u011f\u0131\u00a0\u0130tiraz\u0131m Var\u00a0kitab\u0131n\u0131n da ortak yazarlar\u0131ndan biri. Ko\u00e7, 1967 \u0130stanbul do\u011fumlu. Evli ve bir \u00e7ocuk babas\u0131. Toprakla, su alt\u0131yla, g\u00fczel yemeklerle, gezip tozmakla, de\u011fi\u015fik disiplinlerdeki ara\u015ft\u0131rmalar\u0131 didiklemekle zaman ge\u00e7irmeyi seviyor.\" \/>\n<meta property=\"og:url\" content=\"https:\/\/eyekit.com.tr\/index.php\/hakkimizda\/\" \/>\n<meta property=\"og:site_name\" content=\"Eyekit G\u00f6z Egzersizleri\" \/>\n<meta property=\"article:publisher\" content=\"https:\/\/www.facebook.com\/eyefitturkey\" \/>\n<meta property=\"og:image\" content=\"https:\/\/eyekit.com.tr\/wp-content\/uploads\/2022\/08\/PATENT-292x300.png\" \/>\n<meta name=\"twitter:card\" content=\"summary_large_image\" \/>\n<meta name=\"twitter:label1\" content=\"Tahmini okuma s\u00fcresi\" \/>\n\t<meta name=\"twitter:data1\" content=\"2 dakika\" \/>\n<script type=\"application\/ld+json\" class=\"yoast-schema-graph\">{\"@context\":\"https:\\\/\\\/schema.org\",\"@graph\":[{\"@type\":\"WebPage\",\"@id\":\"https:\\\/\\\/eyekit.com.tr\\\/index.php\\\/hakkimizda\\\/\",\"url\":\"https:\\\/\\\/eyekit.com.tr\\\/index.php\\\/hakkimizda\\\/\",\"name\":\"HAKKIMIZDA - Eyekit G\u00f6z Egzersizleri\",\"isPartOf\":{\"@id\":\"https:\\\/\\\/eyekit.com.tr\\\/#website\"},\"primaryImageOfPage\":{\"@id\":\"https:\\\/\\\/eyekit.com.tr\\\/index.php\\\/hakkimizda\\\/#primaryimage\"},\"image\":{\"@id\":\"https:\\\/\\\/eyekit.com.tr\\\/index.php\\\/hakkimizda\\\/#primaryimage\"},\"thumbnailUrl\":\"https:\\\/\\\/eyekit.com.tr\\\/wp-content\\\/uploads\\\/2022\\\/08\\\/PATENT-292x300.png\",\"datePublished\":\"2022-08-20T16:00:07+00:00\",\"breadcrumb\":{\"@id\":\"https:\\\/\\\/eyekit.com.tr\\\/index.php\\\/hakkimizda\\\/#breadcrumb\"},\"inLanguage\":\"tr\",\"potentialAction\":[{\"@type\":\"ReadAction\",\"target\":[\"https:\\\/\\\/eyekit.com.tr\\\/index.php\\\/hakkimizda\\\/\"]}]},{\"@type\":\"ImageObject\",\"inLanguage\":\"tr\",\"@id\":\"https:\\\/\\\/eyekit.com.tr\\\/index.php\\\/hakkimizda\\\/#primaryimage\",\"url\":\"https:\\\/\\\/eyekit.com.tr\\\/wp-content\\\/uploads\\\/2022\\\/08\\\/PATENT.png\",\"contentUrl\":\"https:\\\/\\\/eyekit.com.tr\\\/wp-content\\\/uploads\\\/2022\\\/08\\\/PATENT.png\",\"width\":771,\"height\":792},{\"@type\":\"BreadcrumbList\",\"@id\":\"https:\\\/\\\/eyekit.com.tr\\\/index.php\\\/hakkimizda\\\/#breadcrumb\",\"itemListElement\":[{\"@type\":\"ListItem\",\"position\":1,\"name\":\"Anasayfa\",\"item\":\"https:\\\/\\\/eyekit.com.tr\\\/\"},{\"@type\":\"ListItem\",\"position\":2,\"name\":\"HAKKIMIZDA\"}]},{\"@type\":\"WebSite\",\"@id\":\"https:\\\/\\\/eyekit.com.tr\\\/#website\",\"url\":\"https:\\\/\\\/eyekit.com.tr\\\/\",\"name\":\"Eyekit G\u00f6z Egzersizleri\",\"description\":\"G\u00f6z egzersizleri ile g\u00f6zl\u00fcklerden kurtulun\",\"publisher\":{\"@id\":\"https:\\\/\\\/eyekit.com.tr\\\/#organization\"},\"potentialAction\":[{\"@type\":\"SearchAction\",\"target\":{\"@type\":\"EntryPoint\",\"urlTemplate\":\"https:\\\/\\\/eyekit.com.tr\\\/?s={search_term_string}\"},\"query-input\":{\"@type\":\"PropertyValueSpecification\",\"valueRequired\":true,\"valueName\":\"search_term_string\"}}],\"inLanguage\":\"tr\"},{\"@type\":\"Organization\",\"@id\":\"https:\\\/\\\/eyekit.com.tr\\\/#organization\",\"name\":\"Eyekit\",\"url\":\"https:\\\/\\\/eyekit.com.tr\\\/\",\"logo\":{\"@type\":\"ImageObject\",\"inLanguage\":\"tr\",\"@id\":\"https:\\\/\\\/eyekit.com.tr\\\/#\\\/schema\\\/logo\\\/image\\\/\",\"url\":\"https:\\\/\\\/eyekit.com.tr\\\/wp-content\\\/uploads\\\/2021\\\/07\\\/cropped-cropped-Slayt6.png\",\"contentUrl\":\"https:\\\/\\\/eyekit.com.tr\\\/wp-content\\\/uploads\\\/2021\\\/07\\\/cropped-cropped-Slayt6.png\",\"width\":250,\"height\":250,\"caption\":\"Eyekit\"},\"image\":{\"@id\":\"https:\\\/\\\/eyekit.com.tr\\\/#\\\/schema\\\/logo\\\/image\\\/\"},\"sameAs\":[\"https:\\\/\\\/www.facebook.com\\\/eyefitturkey\",\"https:\\\/\\\/www.instagram.com\\\/eyefitturkey\\\/\",\"https:\\\/\\\/www.youtube.com\\\/user\\\/ukox\"]}]}<\/script>\n<!-- \/ Yoast SEO plugin. -->","yoast_head_json":{"title":"HAKKIMIZDA - Eyekit G\u00f6z Egzersizleri","robots":{"index":"index","follow":"follow","max-snippet":"max-snippet:-1","max-image-preview":"max-image-preview:large","max-video-preview":"max-video-preview:-1"},"canonical":"https:\/\/eyekit.com.tr\/index.php\/hakkimizda\/","og_locale":"tr_TR","og_type":"article","og_title":"HAKKIMIZDA - Eyekit G\u00f6z Egzersizleri","og_description":"EYEK\u0130T, M. Ufuk Ko\u00e7 taraf\u0131ndan \u00fcretilmi\u015f bir patentli g\u00f6z egzersizleri setidir. 100.Fakt\u00f6r y\u00f6netim dan\u0131\u015fmanl\u0131\u011f\u0131 kurumsal \u015firketlere e\u011fitim, dan\u0131\u015fmanl\u0131k, ko\u00e7luk ve motivasyon projeleri yapan bir \u015firketi olarak 2015-2020 y\u0131llar\u0131 aras\u0131nda g\u00f6z egzersizleri e\u011fitimleri vermi\u015ftir. Pandeminin \u00f6ncesinde 2017 y\u0131l\u0131ndan itibaren patentli \u00fcr\u00fcn\u00fcm\u00fcz olan EYEK\u0130T g\u00f6z egzersizleri seti internet \u00fczerinden\u00a0 sat\u0131lmaya ba\u015flanm\u0131\u015ft\u0131r. Kullan\u0131c\u0131lar iki farkl\u0131 \u00fcr\u00fcn sat\u0131n alabilirler: EYEK\u0130T ve \u00e7ocuklar i\u00e7in EYEKID &nbsp; UFUK KO\u00c7\u00a0 Lisans ve y\u00fcksek lisans e\u011fitimini turizm ve ileti\u015fim alanlar\u0131nda tamamlayan Ufuk Ko\u00e7, on y\u0131l boyunca bu sekt\u00f6r\u00fcn farkl\u0131 kulvarlar\u0131nda hizmet verdi. 1996 y\u0131l\u0131nda turizm alan\u0131nda hem yat\u0131r\u0131m, hem de y\u00f6netim dan\u0131\u015fmanl\u0131\u011f\u0131 hizmetlerine y\u00f6neldi. Be\u015f y\u0131l\u00a0\u0130stanbul \u00dcniversitesinde s\u00fcren \u00f6\u011fretim g\u00f6revlili\u011fi d\u00f6neminin paralelinde ilk kurumsal e\u011fitimlerini vermeye ba\u015flad\u0131. Ayn\u0131 y\u0131llarda\u00a0Akademi \u0130stanbul \u0130leti\u015fim ve Sanat Okullar\u0131\u2019nda \u0130leti\u015fim Okulu Ba\u015fkanl\u0131\u011f\u0131 ve Sat\u0131\u015f Direkt\u00f6rl\u00fc\u011f\u00fc g\u00f6revini \u00fcstlendi. 2009 y\u0131l\u0131nda\u00a0100.Fakt\u00f6r\u00a0Y\u00f6netim Dan\u0131\u015fmanl\u0131\u011f\u0131n\u0131 kuran ufuk Ko\u00e7, 1996 y\u0131l\u0131nda ba\u015flad\u0131\u011f\u0131 kurumsal e\u011fitimcili\u011fe ek olarak 2002 y\u0131l\u0131ndan itibaren y\u00f6netim dan\u0131\u015fmanl\u0131\u011f\u0131 \u015femsiyesi alt\u0131nda; y\u00f6netici ve kariyer ko\u00e7lu\u011fu, performans y\u00f6netimi sistemleri kurulmas\u0131, de\u011fi\u015fim y\u00f6netimi, s\u00fcre\u00e7 iyile\u015ftirme gibi hizmetleri vermekte. Ko\u00e7, ayr\u0131ca T\u00fcrkiye\u2019deki yabanc\u0131 \u00e7al\u0131\u015fanlara \u0130ngilizce y\u00f6netim, ileti\u015fim, problem \u00e7\u00f6zme, m\u00fczakere ve motivasyon e\u011fitimleri veriyor. 2001\u2019den bu yana NLP pratisyeni olan, NLP tekniklerini t\u00fcm e\u011fitim ve dan\u0131\u015fmanl\u0131k tasar\u0131mlar\u0131na uygulayan Ufuk Ko\u00e7, sat\u0131\u015f profesyonellerinin ya\u015fam ve i\u015f kaliteleriyle sa\u011fl\u0131klar\u0131n\u0131 ele alan, halen \u00fc\u00e7 bask\u0131 yapan\u00a0Kur\u015fun \u0130\u015flemez Sat\u0131\u015f\u00e7\u0131\u00a0kitab\u0131n\u0131 2010 y\u0131l\u0131nda yay\u0131nlad\u0131. Zaman zaman makale, blog yaz\u0131lar\u0131 yan\u0131nda video r\u00f6portajlar\u0131 yay\u0131nlanan Ko\u00e7, karma bir dan\u0131\u015fman toplulu\u011funun kaleme ald\u0131\u011f\u0131\u00a0\u0130tiraz\u0131m Var\u00a0kitab\u0131n\u0131n da ortak yazarlar\u0131ndan biri. Ko\u00e7, 1967 \u0130stanbul do\u011fumlu. Evli ve bir \u00e7ocuk babas\u0131. Toprakla, su alt\u0131yla, g\u00fczel yemeklerle, gezip tozmakla, de\u011fi\u015fik disiplinlerdeki ara\u015ft\u0131rmalar\u0131 didiklemekle zaman ge\u00e7irmeyi seviyor.","og_url":"https:\/\/eyekit.com.tr\/index.php\/hakkimizda\/","og_site_name":"Eyekit G\u00f6z Egzersizleri","article_publisher":"https:\/\/www.facebook.com\/eyefitturkey","og_image":[{"url":"https:\/\/eyekit.com.tr\/wp-content\/uploads\/2022\/08\/PATENT-292x300.png","type":"","width":"","height":""}],"twitter_card":"summary_large_image","twitter_misc":{"Tahmini okuma s\u00fcresi":"2 dakika"},"schema":{"@context":"https:\/\/schema.org","@graph":[{"@type":"WebPage","@id":"https:\/\/eyekit.com.tr\/index.php\/hakkimizda\/","url":"https:\/\/eyekit.com.tr\/index.php\/hakkimizda\/","name":"HAKKIMIZDA - Eyekit G\u00f6z Egzersizleri","isPartOf":{"@id":"https:\/\/eyekit.com.tr\/#website"},"primaryImageOfPage":{"@id":"https:\/\/eyekit.com.tr\/index.php\/hakkimizda\/#primaryimage"},"image":{"@id":"https:\/\/eyekit.com.tr\/index.php\/hakkimizda\/#primaryimage"},"thumbnailUrl":"https:\/\/eyekit.com.tr\/wp-content\/uploads\/2022\/08\/PATENT-292x300.png","datePublished":"2022-08-20T16:00:07+00:00","breadcrumb":{"@id":"https:\/\/eyekit.com.tr\/index.php\/hakkimizda\/#breadcrumb"},"inLanguage":"tr","potentialAction":[{"@type":"ReadAction","target":["https:\/\/eyekit.com.tr\/index.php\/hakkimizda\/"]}]},{"@type":"ImageObject","inLanguage":"tr","@id":"https:\/\/eyekit.com.tr\/index.php\/hakkimizda\/#primaryimage","url":"https:\/\/eyekit.com.tr\/wp-content\/uploads\/2022\/08\/PATENT.png","contentUrl":"https:\/\/eyekit.com.tr\/wp-content\/uploads\/2022\/08\/PATENT.png","width":771,"height":792},{"@type":"BreadcrumbList","@id":"https:\/\/eyekit.com.tr\/index.php\/hakkimizda\/#breadcrumb","itemListElement":[{"@type":"ListItem","position":1,"name":"Anasayfa","item":"https:\/\/eyekit.com.tr\/"},{"@type":"ListItem","position":2,"name":"HAKKIMIZDA"}]},{"@type":"WebSite","@id":"https:\/\/eyekit.com.tr\/#website","url":"https:\/\/eyekit.com.tr\/","name":"Eyekit G\u00f6z Egzersizleri","description":"G\u00f6z egzersizleri ile g\u00f6zl\u00fcklerden kurtulun","publisher":{"@id":"https:\/\/eyekit.com.tr\/#organization"},"potentialAction":[{"@type":"SearchAction","target":{"@type":"EntryPoint","urlTemplate":"https:\/\/eyekit.com.tr\/?s={search_term_string}"},"query-input":{"@type":"PropertyValueSpecification","valueRequired":true,"valueName":"search_term_string"}}],"inLanguage":"tr"},{"@type":"Organization","@id":"https:\/\/eyekit.com.tr\/#organization","name":"Eyekit","url":"https:\/\/eyekit.com.tr\/","logo":{"@type":"ImageObject","inLanguage":"tr","@id":"https:\/\/eyekit.com.tr\/#\/schema\/logo\/image\/","url":"https:\/\/eyekit.com.tr\/wp-content\/uploads\/2021\/07\/cropped-cropped-Slayt6.png","contentUrl":"https:\/\/eyekit.com.tr\/wp-content\/uploads\/2021\/07\/cropped-cropped-Slayt6.png","width":250,"height":250,"caption":"Eyekit"},"image":{"@id":"https:\/\/eyekit.com.tr\/#\/schema\/logo\/image\/"},"sameAs":["https:\/\/www.facebook.com\/eyefitturkey","https:\/\/www.instagram.com\/eyefitturkey\/","https:\/\/www.youtube.com\/user\/ukox"]}]}},"_links":{"self":[{"href":"https:\/\/eyekit.com.tr\/index.php\/wp-json\/wp\/v2\/pages\/568","targetHints":{"allow":["GET"]}}],"collection":[{"href":"https:\/\/eyekit.com.tr\/index.php\/wp-json\/wp\/v2\/pages"}],"about":[{"href":"https:\/\/eyekit.com.tr\/index.php\/wp-json\/wp\/v2\/types\/page"}],"author":[{"embeddable":true,"href":"https:\/\/eyekit.com.tr\/index.php\/wp-json\/wp\/v2\/users\/2"}],"replies":[{"embeddable":true,"href":"https:\/\/eyekit.com.tr\/index.php\/wp-json\/wp\/v2\/comments?post=568"}],"version-history":[{"count":1,"href":"https:\/\/eyekit.com.tr\/index.php\/wp-json\/wp\/v2\/pages\/568\/revisions"}],"predecessor-version":[{"id":574,"href":"https:\/\/eyekit.com.tr\/index.php\/wp-json\/wp\/v2\/pages\/568\/revisions\/574"}],"wp:attachment":[{"href":"https:\/\/eyekit.com.tr\/index.php\/wp-json\/wp\/v2\/media?parent=568"}],"curies":[{"name":"wp","href":"https:\/\/api.w.org\/{rel}","templated":true}]}}