{"id":8,"date":"2018-01-10T20:32:37","date_gmt":"2018-01-10T20:32:37","guid":{"rendered":"http:\/\/www.eyekit.com.tr\/?page_id=2"},"modified":"2026-01-04T13:36:52","modified_gmt":"2026-01-04T13:36:52","slug":"goz-egzersizleri-egitimi","status":"publish","type":"page","link":"https:\/\/eyekit.com.tr\/","title":{"rendered":"Ana Sayfa"},"content":{"rendered":"<p><strong>MERHABA,<\/strong><br \/>\n<script type=\"text\/javascript\">window.iyz = { token: '01af0975-64f2-4556-ba12-8a4b7b1742da', position: 'bottomLeft', ideaSoft: false, pwi: true};<\/script><br \/>\n<script type=\"text\/javascript\" src=\"https:\/\/static.iyzipay.com\/buyer-protection\/buyer-protection.js\"><\/script><br \/>\nG\u00f6r\u00fc\u015f\u00fcn\u00fcz\u00fc egzersizler yaparak iyile\u015ftirebilece\u011finizi duymak elbette \u00e7ok \u015fa\u015f\u0131rt\u0131c\u0131. Ancak inan\u0131n bu sistem asl\u0131nda y\u00fcz y\u0131ldan fazla s\u00fcredir biliniyor. Bu tan\u0131\u015f\u0131kl\u0131\u011f\u0131n sizi daha sa\u011fl\u0131kl\u0131 ve net bir g\u00f6r\u00fc\u015fe ta\u015f\u0131mas\u0131n\u0131 temenni ediyoruz.<\/p>\n<p>2002 y\u0131l\u0131nda y\u00f6netim dan\u0131\u015fman\u0131 M. Ufuk Ko\u00e7&#8217;un, Leo Angart&#8217;\u0131n e\u011fitimine, sadece merak ile kat\u0131lmas\u0131 sonucunda Bates metodunun yayg\u0131nla\u015ft\u0131r\u0131lmas\u0131 ile ilgili bir fikir olu\u015fmu\u015ftu. Ancak bu fikir \u00e7ok uzun s\u00fcre uykuda kald\u0131. \u00c7evredeki g\u00f6zl\u00fck ve lens kullanan \u00e7ocuklar\u0131n ve yeti\u015fkinlerin say\u0131lar\u0131ndaki inan\u0131lmaz art\u0131\u015f, 2015 y\u0131l\u0131nda eyefit e\u011fitimlerini do\u011furdu. Eyekit, Bates egzersizlerini daha da ileriye ta\u015f\u0131yarak farkl\u0131 pek \u00e7ok disiplinden ve bilimsel veriden hareket etmeye ba\u015flad\u0131. Ticari bir e\u011fitim \u00fcr\u00fcn\u00fcd\u00fcr.<\/p>\n<p>Zaman i\u00e7inde beklemedi\u011fimiz derecede bir ilgi ve destek g\u00f6r\u00fcnce\u00a0 iki talep daha do\u011fdu:<\/p>\n<ol>\n<li>\u00c7ocuklara e\u011fitim verilebilir miydi?<\/li>\n<li>E\u011fitimlere gelemeyenler ne yapacakt\u0131?<\/li>\n<\/ol>\n<p>Birinci sorunun yan\u0131t\u0131 \u00e7ok zordu. Ama bunu ebeveynlere \u00f6\u011fretebilirdik. \u00d6yle de yapt\u0131k! Lakin egzersiz say\u0131m\u0131z o d\u00f6nemde \u00e7ocuklar i\u00e7in \u00e7ok ama \u00e7ok azd\u0131. \u0130\u015fte b\u00f6ylece 2017 Mart ay\u0131nda EyeKIT ve Haziran 2017&#8217;de EyeKID, bebek ad\u0131mlar\u0131yla do\u011fdu. Lakin temmuz ay\u0131na geldi\u011fimizde bekledi\u011fimizin \u00fczerinde bir sipari\u015f almaya ba\u015flad\u0131k. Ocak 2018&#8217;den itibaren sistemimizi, egzersizlerimizi, tecr\u00fcbelerimizi yeniden g\u00f6zden ge\u00e7irerek \u00fcr\u00fcn\u00fc bir ad\u0131m daha geli\u015ftirdik.<\/p>\n<p>Eyekit\u00a0 d\u00fcnyas\u0131na ho\u015fgeldiniz.<\/p>\n<p><iframe loading=\"lazy\" src=\"https:\/\/www.youtube.com\/embed\/u6W35uxFL_0\" width=\"854\" height=\"480\" frameborder=\"0\" allowfullscreen=\"allowfullscreen\"><\/iframe><br \/>\n<!-- Global site tag (gtag.js) - Google Analytics --><\/p>\n<p><img loading=\"lazy\" decoding=\"async\" class=\"alignnone wp-image-600\" src=\"https:\/\/eyekit.com.tr\/wp-content\/uploads\/2022\/08\/indir-300x113.png\" alt=\"\" width=\"122\" height=\"46\" srcset=\"https:\/\/eyekit.com.tr\/wp-content\/uploads\/2022\/08\/indir-300x113.png 300w, https:\/\/eyekit.com.tr\/wp-content\/uploads\/2022\/08\/indir.png 320w\" sizes=\"auto, (max-width: 122px) 100vw, 122px\" \/><img loading=\"lazy\" decoding=\"async\" class=\"alignnone wp-image-602\" src=\"https:\/\/eyekit.com.tr\/wp-content\/uploads\/2022\/08\/png-clipart-visa-mastercard-logo-visa-mastercard-computer-icons-visa-text-payment-300x90.png\" alt=\"\" width=\"77\" height=\"23\" srcset=\"https:\/\/eyekit.com.tr\/wp-content\/uploads\/2022\/08\/png-clipart-visa-mastercard-logo-visa-mastercard-computer-icons-visa-text-payment-300x90.png 300w, https:\/\/eyekit.com.tr\/wp-content\/uploads\/2022\/08\/png-clipart-visa-mastercard-logo-visa-mastercard-computer-icons-visa-text-payment-500x151.png 500w, https:\/\/eyekit.com.tr\/wp-content\/uploads\/2022\/08\/png-clipart-visa-mastercard-logo-visa-mastercard-computer-icons-visa-text-payment.png 503w\" sizes=\"auto, (max-width: 77px) 100vw, 77px\" \/><\/p>\n","protected":false},"excerpt":{"rendered":"<p>MERHABA, G\u00f6r\u00fc\u015f\u00fcn\u00fcz\u00fc egzersizler yaparak iyile\u015ftirebilece\u011finizi duymak elbette \u00e7ok \u015fa\u015f\u0131rt\u0131c\u0131. Ancak inan\u0131n bu sistem asl\u0131nda y\u00fcz y\u0131ldan fazla s\u00fcredir biliniyor. Bu tan\u0131\u015f\u0131kl\u0131\u011f\u0131n sizi daha sa\u011fl\u0131kl\u0131 ve net bir g\u00f6r\u00fc\u015fe ta\u015f\u0131mas\u0131n\u0131 temenni ediyoruz. 2002 y\u0131l\u0131nda y\u00f6netim dan\u0131\u015fman\u0131 M. Ufuk Ko\u00e7&#8217;un, Leo Angart&#8217;\u0131n e\u011fitimine, sadece merak ile kat\u0131lmas\u0131 sonucunda Bates metodunun yayg\u0131nla\u015ft\u0131r\u0131lmas\u0131 ile ilgili bir fikir olu\u015fmu\u015ftu. Ancak bu fikir \u00e7ok uzun s\u00fcre uykuda kald\u0131. \u00c7evredeki g\u00f6zl\u00fck ve lens kullanan \u00e7ocuklar\u0131n ve yeti\u015fkinlerin say\u0131lar\u0131ndaki inan\u0131lmaz art\u0131\u015f, 2015 y\u0131l\u0131nda eyefit e\u011fitimlerini do\u011furdu. Eyekit, Bates egzersizlerini daha da ileriye ta\u015f\u0131yarak farkl\u0131 pek \u00e7ok disiplinden ve bilimsel veriden hareket etmeye ba\u015flad\u0131. Ticari bir e\u011fitim \u00fcr\u00fcn\u00fcd\u00fcr. Zaman i\u00e7inde beklemedi\u011fimiz derecede bir ilgi ve destek g\u00f6r\u00fcnce\u00a0 iki talep daha do\u011fdu: \u00c7ocuklara e\u011fitim verilebilir miydi? E\u011fitimlere gelemeyenler ne yapacakt\u0131? Birinci sorunun yan\u0131t\u0131 \u00e7ok zordu. Ama bunu ebeveynlere \u00f6\u011fretebilirdik. \u00d6yle de yapt\u0131k! Lakin egzersiz say\u0131m\u0131z o d\u00f6nemde \u00e7ocuklar i\u00e7in \u00e7ok ama \u00e7ok azd\u0131. \u0130\u015fte b\u00f6ylece 2017 Mart ay\u0131nda EyeKIT ve Haziran 2017&#8217;de EyeKID, bebek ad\u0131mlar\u0131yla do\u011fdu. Lakin temmuz ay\u0131na geldi\u011fimizde bekledi\u011fimizin \u00fczerinde bir sipari\u015f almaya ba\u015flad\u0131k. Ocak 2018&#8217;den itibaren sistemimizi, egzersizlerimizi, tecr\u00fcbelerimizi yeniden g\u00f6zden ge\u00e7irerek \u00fcr\u00fcn\u00fc bir ad\u0131m daha geli\u015ftirdik. Eyekit\u00a0 d\u00fcnyas\u0131na ho\u015fgeldiniz.<\/p>\n","protected":false},"author":2,"featured_media":341,"parent":0,"menu_order":0,"comment_status":"closed","ping_status":"closed","template":"","meta":{"footnotes":""},"class_list":["post-8","page","type-page","status-publish","has-post-thumbnail","hentry"],"yoast_head":"<!-- This site is optimized with the Yoast SEO plugin v27.4 - https:\/\/yoast.com\/product\/yoast-seo-wordpress\/ -->\n<title>Ana Sayfa - Eyekit G\u00f6z Egzersizleri<\/title>\n<meta name=\"description\" content=\"G\u00f6z egzersizleri yaparak g\u00f6zl\u00fckten kurtulun. Miyop, astigmat, eksen kaymas\u0131, g\u00f6z tembelli\u011fi ve presbiyopi i\u00e7in evde kendi ba\u015f\u0131n\u0131za \u00e7al\u0131\u015f\u0131n.\" \/>\n<meta name=\"robots\" content=\"index, follow, max-snippet:-1, max-image-preview:large, max-video-preview:-1\" \/>\n<link rel=\"canonical\" href=\"https:\/\/eyekit.com.tr\/\" \/>\n<meta property=\"og:locale\" content=\"tr_TR\" \/>\n<meta property=\"og:type\" content=\"article\" \/>\n<meta property=\"og:title\" content=\"Ana Sayfa - Eyekit G\u00f6z Egzersizleri\" \/>\n<meta property=\"og:description\" content=\"G\u00f6z egzersizleri yaparak g\u00f6zl\u00fckten kurtulun. Miyop, astigmat, eksen kaymas\u0131, g\u00f6z tembelli\u011fi ve presbiyopi i\u00e7in evde kendi ba\u015f\u0131n\u0131za \u00e7al\u0131\u015f\u0131n.\" \/>\n<meta property=\"og:url\" content=\"https:\/\/eyekit.com.tr\/\" \/>\n<meta property=\"og:site_name\" content=\"Eyekit G\u00f6z Egzersizleri\" \/>\n<meta property=\"article:publisher\" content=\"https:\/\/www.facebook.com\/eyefitturkey\" \/>\n<meta property=\"article:modified_time\" content=\"2026-01-04T13:36:52+00:00\" \/>\n<meta property=\"og:image\" content=\"https:\/\/eyekit.com.tr\/wp-content\/uploads\/2021\/07\/IMG_20180526_122600-scaled.jpg\" \/>\n\t<meta property=\"og:image:width\" content=\"2560\" \/>\n\t<meta property=\"og:image:height\" content=\"1920\" \/>\n\t<meta property=\"og:image:type\" content=\"image\/jpeg\" \/>\n<meta name=\"twitter:card\" content=\"summary_large_image\" \/>\n<meta name=\"twitter:label1\" content=\"Tahmini okuma s\u00fcresi\" \/>\n\t<meta name=\"twitter:data1\" content=\"2 dakika\" \/>\n<script type=\"application\/ld+json\" class=\"yoast-schema-graph\">{\"@context\":\"https:\\\/\\\/schema.org\",\"@graph\":[{\"@type\":\"WebPage\",\"@id\":\"https:\\\/\\\/eyekit.com.tr\\\/\",\"url\":\"https:\\\/\\\/eyekit.com.tr\\\/\",\"name\":\"Ana Sayfa - Eyekit G\u00f6z Egzersizleri\",\"isPartOf\":{\"@id\":\"https:\\\/\\\/eyekit.com.tr\\\/#website\"},\"primaryImageOfPage\":{\"@id\":\"https:\\\/\\\/eyekit.com.tr\\\/#primaryimage\"},\"image\":{\"@id\":\"https:\\\/\\\/eyekit.com.tr\\\/#primaryimage\"},\"thumbnailUrl\":\"https:\\\/\\\/eyekit.com.tr\\\/wp-content\\\/uploads\\\/2021\\\/07\\\/IMG_20180526_122600-scaled.jpg\",\"datePublished\":\"2018-01-10T20:32:37+00:00\",\"dateModified\":\"2026-01-04T13:36:52+00:00\",\"description\":\"G\u00f6z egzersizleri yaparak g\u00f6zl\u00fckten kurtulun. Miyop, astigmat, eksen kaymas\u0131, g\u00f6z tembelli\u011fi ve presbiyopi i\u00e7in evde kendi ba\u015f\u0131n\u0131za \u00e7al\u0131\u015f\u0131n.\",\"breadcrumb\":{\"@id\":\"https:\\\/\\\/eyekit.com.tr\\\/#breadcrumb\"},\"inLanguage\":\"tr\",\"potentialAction\":[{\"@type\":\"ReadAction\",\"target\":[\"https:\\\/\\\/eyekit.com.tr\\\/\"]}]},{\"@type\":\"ImageObject\",\"inLanguage\":\"tr\",\"@id\":\"https:\\\/\\\/eyekit.com.tr\\\/#primaryimage\",\"url\":\"https:\\\/\\\/eyekit.com.tr\\\/wp-content\\\/uploads\\\/2021\\\/07\\\/IMG_20180526_122600-scaled.jpg\",\"contentUrl\":\"https:\\\/\\\/eyekit.com.tr\\\/wp-content\\\/uploads\\\/2021\\\/07\\\/IMG_20180526_122600-scaled.jpg\",\"width\":2560,\"height\":1920,\"caption\":\"eyekit g\u00f6z egzersizleri\"},{\"@type\":\"BreadcrumbList\",\"@id\":\"https:\\\/\\\/eyekit.com.tr\\\/#breadcrumb\",\"itemListElement\":[{\"@type\":\"ListItem\",\"position\":1,\"name\":\"Anasayfa\",\"item\":\"https:\\\/\\\/eyekit.com.tr\\\/\"},{\"@type\":\"ListItem\",\"position\":2,\"name\":\"Ana Sayfa\"}]},{\"@type\":\"WebSite\",\"@id\":\"https:\\\/\\\/eyekit.com.tr\\\/#website\",\"url\":\"https:\\\/\\\/eyekit.com.tr\\\/\",\"name\":\"Eyekit G\u00f6z Egzersizleri\",\"description\":\"G\u00f6z egzersizleri ile g\u00f6zl\u00fcklerden kurtulun\",\"publisher\":{\"@id\":\"https:\\\/\\\/eyekit.com.tr\\\/#organization\"},\"potentialAction\":[{\"@type\":\"SearchAction\",\"target\":{\"@type\":\"EntryPoint\",\"urlTemplate\":\"https:\\\/\\\/eyekit.com.tr\\\/?s={search_term_string}\"},\"query-input\":{\"@type\":\"PropertyValueSpecification\",\"valueRequired\":true,\"valueName\":\"search_term_string\"}}],\"inLanguage\":\"tr\"},{\"@type\":\"Organization\",\"@id\":\"https:\\\/\\\/eyekit.com.tr\\\/#organization\",\"name\":\"Eyekit\",\"url\":\"https:\\\/\\\/eyekit.com.tr\\\/\",\"logo\":{\"@type\":\"ImageObject\",\"inLanguage\":\"tr\",\"@id\":\"https:\\\/\\\/eyekit.com.tr\\\/#\\\/schema\\\/logo\\\/image\\\/\",\"url\":\"https:\\\/\\\/eyekit.com.tr\\\/wp-content\\\/uploads\\\/2021\\\/07\\\/cropped-cropped-Slayt6.png\",\"contentUrl\":\"https:\\\/\\\/eyekit.com.tr\\\/wp-content\\\/uploads\\\/2021\\\/07\\\/cropped-cropped-Slayt6.png\",\"width\":250,\"height\":250,\"caption\":\"Eyekit\"},\"image\":{\"@id\":\"https:\\\/\\\/eyekit.com.tr\\\/#\\\/schema\\\/logo\\\/image\\\/\"},\"sameAs\":[\"https:\\\/\\\/www.facebook.com\\\/eyefitturkey\",\"https:\\\/\\\/www.instagram.com\\\/eyefitturkey\\\/\",\"https:\\\/\\\/www.youtube.com\\\/user\\\/ukox\"]}]}<\/script>\n<!-- \/ Yoast SEO plugin. -->","yoast_head_json":{"title":"Ana Sayfa - Eyekit G\u00f6z Egzersizleri","description":"G\u00f6z egzersizleri yaparak g\u00f6zl\u00fckten kurtulun. Miyop, astigmat, eksen kaymas\u0131, g\u00f6z tembelli\u011fi ve presbiyopi i\u00e7in evde kendi ba\u015f\u0131n\u0131za \u00e7al\u0131\u015f\u0131n.","robots":{"index":"index","follow":"follow","max-snippet":"max-snippet:-1","max-image-preview":"max-image-preview:large","max-video-preview":"max-video-preview:-1"},"canonical":"https:\/\/eyekit.com.tr\/","og_locale":"tr_TR","og_type":"article","og_title":"Ana Sayfa - Eyekit G\u00f6z Egzersizleri","og_description":"G\u00f6z egzersizleri yaparak g\u00f6zl\u00fckten kurtulun. Miyop, astigmat, eksen kaymas\u0131, g\u00f6z tembelli\u011fi ve presbiyopi i\u00e7in evde kendi ba\u015f\u0131n\u0131za \u00e7al\u0131\u015f\u0131n.","og_url":"https:\/\/eyekit.com.tr\/","og_site_name":"Eyekit G\u00f6z Egzersizleri","article_publisher":"https:\/\/www.facebook.com\/eyefitturkey","article_modified_time":"2026-01-04T13:36:52+00:00","og_image":[{"width":2560,"height":1920,"url":"https:\/\/eyekit.com.tr\/wp-content\/uploads\/2021\/07\/IMG_20180526_122600-scaled.jpg","type":"image\/jpeg"}],"twitter_card":"summary_large_image","twitter_misc":{"Tahmini okuma s\u00fcresi":"2 dakika"},"schema":{"@context":"https:\/\/schema.org","@graph":[{"@type":"WebPage","@id":"https:\/\/eyekit.com.tr\/","url":"https:\/\/eyekit.com.tr\/","name":"Ana Sayfa - Eyekit G\u00f6z Egzersizleri","isPartOf":{"@id":"https:\/\/eyekit.com.tr\/#website"},"primaryImageOfPage":{"@id":"https:\/\/eyekit.com.tr\/#primaryimage"},"image":{"@id":"https:\/\/eyekit.com.tr\/#primaryimage"},"thumbnailUrl":"https:\/\/eyekit.com.tr\/wp-content\/uploads\/2021\/07\/IMG_20180526_122600-scaled.jpg","datePublished":"2018-01-10T20:32:37+00:00","dateModified":"2026-01-04T13:36:52+00:00","description":"G\u00f6z egzersizleri yaparak g\u00f6zl\u00fckten kurtulun. Miyop, astigmat, eksen kaymas\u0131, g\u00f6z tembelli\u011fi ve presbiyopi i\u00e7in evde kendi ba\u015f\u0131n\u0131za \u00e7al\u0131\u015f\u0131n.","breadcrumb":{"@id":"https:\/\/eyekit.com.tr\/#breadcrumb"},"inLanguage":"tr","potentialAction":[{"@type":"ReadAction","target":["https:\/\/eyekit.com.tr\/"]}]},{"@type":"ImageObject","inLanguage":"tr","@id":"https:\/\/eyekit.com.tr\/#primaryimage","url":"https:\/\/eyekit.com.tr\/wp-content\/uploads\/2021\/07\/IMG_20180526_122600-scaled.jpg","contentUrl":"https:\/\/eyekit.com.tr\/wp-content\/uploads\/2021\/07\/IMG_20180526_122600-scaled.jpg","width":2560,"height":1920,"caption":"eyekit g\u00f6z egzersizleri"},{"@type":"BreadcrumbList","@id":"https:\/\/eyekit.com.tr\/#breadcrumb","itemListElement":[{"@type":"ListItem","position":1,"name":"Anasayfa","item":"https:\/\/eyekit.com.tr\/"},{"@type":"ListItem","position":2,"name":"Ana Sayfa"}]},{"@type":"WebSite","@id":"https:\/\/eyekit.com.tr\/#website","url":"https:\/\/eyekit.com.tr\/","name":"Eyekit G\u00f6z Egzersizleri","description":"G\u00f6z egzersizleri ile g\u00f6zl\u00fcklerden kurtulun","publisher":{"@id":"https:\/\/eyekit.com.tr\/#organization"},"potentialAction":[{"@type":"SearchAction","target":{"@type":"EntryPoint","urlTemplate":"https:\/\/eyekit.com.tr\/?s={search_term_string}"},"query-input":{"@type":"PropertyValueSpecification","valueRequired":true,"valueName":"search_term_string"}}],"inLanguage":"tr"},{"@type":"Organization","@id":"https:\/\/eyekit.com.tr\/#organization","name":"Eyekit","url":"https:\/\/eyekit.com.tr\/","logo":{"@type":"ImageObject","inLanguage":"tr","@id":"https:\/\/eyekit.com.tr\/#\/schema\/logo\/image\/","url":"https:\/\/eyekit.com.tr\/wp-content\/uploads\/2021\/07\/cropped-cropped-Slayt6.png","contentUrl":"https:\/\/eyekit.com.tr\/wp-content\/uploads\/2021\/07\/cropped-cropped-Slayt6.png","width":250,"height":250,"caption":"Eyekit"},"image":{"@id":"https:\/\/eyekit.com.tr\/#\/schema\/logo\/image\/"},"sameAs":["https:\/\/www.facebook.com\/eyefitturkey","https:\/\/www.instagram.com\/eyefitturkey\/","https:\/\/www.youtube.com\/user\/ukox"]}]}},"_links":{"self":[{"href":"https:\/\/eyekit.com.tr\/index.php\/wp-json\/wp\/v2\/pages\/8","targetHints":{"allow":["GET"]}}],"collection":[{"href":"https:\/\/eyekit.com.tr\/index.php\/wp-json\/wp\/v2\/pages"}],"about":[{"href":"https:\/\/eyekit.com.tr\/index.php\/wp-json\/wp\/v2\/types\/page"}],"author":[{"embeddable":true,"href":"https:\/\/eyekit.com.tr\/index.php\/wp-json\/wp\/v2\/users\/2"}],"replies":[{"embeddable":true,"href":"https:\/\/eyekit.com.tr\/index.php\/wp-json\/wp\/v2\/comments?post=8"}],"version-history":[{"count":14,"href":"https:\/\/eyekit.com.tr\/index.php\/wp-json\/wp\/v2\/pages\/8\/revisions"}],"predecessor-version":[{"id":671,"href":"https:\/\/eyekit.com.tr\/index.php\/wp-json\/wp\/v2\/pages\/8\/revisions\/671"}],"wp:featuredmedia":[{"embeddable":true,"href":"https:\/\/eyekit.com.tr\/index.php\/wp-json\/wp\/v2\/media\/341"}],"wp:attachment":[{"href":"https:\/\/eyekit.com.tr\/index.php\/wp-json\/wp\/v2\/media?parent=8"}],"curies":[{"name":"wp","href":"https:\/\/api.w.org\/{rel}","templated":true}]}}